{"id":1046,"date":"2018-06-05T16:06:45","date_gmt":"2018-06-05T14:06:45","guid":{"rendered":"http:\/\/ttc1946weinheim.de\/?page_id=1046"},"modified":"2019-07-07T15:10:57","modified_gmt":"2019-07-07T13:10:57","slug":"schnuppertraining-beim-ttc-46-weinheim","status":"publish","type":"page","link":"https:\/\/ttc1946weinheim.de\/?page_id=1046","title":{"rendered":"Schnuppertraining beim TTC 46 Weinheim"},"content":{"rendered":"<h3><span style=\"color: #000000;\">Hallo Kinder !<\/span><\/h3>\n<p><span style=\"color: #000000;\">Ihr seid auf der Suche nach einem Sportverein in eurer N\u00e4he? Vielleicht habt ihr schon viele Sportarten ausprobiert und m\u00f6chtet euch nun auch einmal am Tischtennis versuchen? Oder ihr seid einfach neugierig und habt Spa\u00df am Spielen und Bewegen?<\/span><\/p>\n<p><span style=\"color: #000000;\">Dann kommt doch einfach vorbei! Unser Schnuppertraining ist kostenlos, unverbindlich und bringt euch garantiert mehr als nur herauszufinden, wie gut ihr mit dem kleinen wei\u00dfen Ball umgehen k\u00f6nnt:<\/span><br \/>\n<span style=\"color: #000000;\">Sport im Verein hei\u00dft nicht nur zu spielen und gewinnen und verlieren zu lernen, sondern auch, gemeinsam etwas zu unternehmen und ganz einfach Teil einer Gruppe zu sein!<\/span><\/p>\n<p><span style=\"color: #000000;\">In unserer gro\u00dfen Jugendabteilung f\u00fchlt ihr euch sofort wohl, egal wie alt ihr seid! Und mit der Hilfe unserer engagierten Trainer und Betreuer kommt der Rest ganz von alleine!<\/span><\/p>\n<table border=\"0\" width=\"660\" align=\"center\">\n<tbody>\n<tr>\n<td><span style=\"color: #000000;\"><img fetchpriority=\"high\" decoding=\"async\" class=\"alignnone size-full wp-image-1051 aligncenter\" src=\"http:\/\/ttc1946weinheim.de\/wp-content\/uploads\/2018\/06\/seb_11.jpg\" alt=\"\" width=\"330\" height=\"270\" srcset=\"https:\/\/ttc1946weinheim.de\/wp-content\/uploads\/2018\/06\/seb_11.jpg 330w, https:\/\/ttc1946weinheim.de\/wp-content\/uploads\/2018\/06\/seb_11-300x245.jpg 300w\" sizes=\"(max-width: 330px) 100vw, 330px\" \/><\/span><\/td>\n<td><\/td>\n<\/tr>\n<\/tbody>\n<\/table>\n<p><span style=\"color: #000000;\">Falls ihr also Lust habt, das Tischtennis und uns vom TTC 1946 Weinheim n\u00e4her kennen zu lernen (und ihr mindestens f\u00fcnf Jahre alt seid), traut euch einfach!<\/span><\/p>\n<p><span style=\"color: #000000;\">Unsere Trainingszeiten sind:<\/span><br \/>\n<span style=\"color: #000000;\">Montag und Donnerstag, 17:30 \u2013 19:30 Uhr in der Halle des Werner-Heisenberg-Gymnasiums, Friedrichstra\u00dfe 7.<\/span><\/p>\n<p><span style=\"color: #000000;\">F \u00fcr Fragen aller Art wendet euch einfach an mich:<\/span><br \/>\n<span style=\"color: #000000;\"><strong>Alexander Diefenbach\u00a0 (Jugendwart)<br \/>\nKontakt: alexander.diefenbach92@web.de oder 01577\/ 890 78 55<br \/>\n<\/strong><\/span><\/p>\n<h4><span style=\"color: #000000;\">Unser Leitbild:<\/span><\/h4>\n<p><span style=\"color: #000000;\">Wir vom TTC Weinheim sind seit vielen Jahren aktiver Bestandteil der Weinheimer Sportlandschaft und haben es uns zur Aufgabe gemacht, bereits die Kleinsten aus Weinheim und Umgebung f\u00fcr den Sport an sich und, in unserem Falle, f\u00fcr das Tischtennis zu begeistern.<\/span><\/p>\n<p><span style=\"color: #000000;\">Denn uns ist bewusst, wie wichtig die Sportvereine sowohl f\u00fcr eine gute k\u00f6rperliche als auch soziale Entwicklung der Kinder sind.<\/span><\/p>\n<p><span style=\"color: #000000;\">Vielleicht sind \/ seid Sie \/ ihr uns schon einmal \u201e\u00fcber den Weg gelaufen\u201c; bei der Sportmeile \u201eSport mit Spa\u00df\u201c im Schlosspark, beim Weinheimer Herbst, einem Tag der offenen T\u00fcr am Werner-Heisenberg-Gymnasium, in unserer Tischtennis &#8211; AG an der Pestalozzi-Grundschule, der Friedrich-Schule usw.<\/span><\/p>\n<table style=\"height: 5px;\" border=\"0\" width=\"1054\" align=\"center\">\n<tbody>\n<tr>\n<td><\/td>\n<td><\/td>\n<\/tr>\n<\/tbody>\n<\/table>\n<p><span style=\"color: #000000;\">Wir freuen uns \u00fcber jeden, der uns in unserer Arbeit unterst\u00fctzen m\u00f6chte! Also einfach vorbei kommen und mitmachen, egal ob jung oder alt, aktiv oder passiv, m\u00e4nnlich oder weiblich! Es lohnt sich!!<\/span><\/p>\n<p><span style=\"color: #000000;\">Bis demn\u00e4chst!<\/span><br \/>\n<span style=\"color: #000000;\">Ihr\/euer Alexander Diefenbach<br \/>\n<\/span><\/p>\n","protected":false},"excerpt":{"rendered":"<p>Hallo Kinder ! Ihr seid auf der Suche nach einem Sportverein in eurer N\u00e4he? Vielleicht habt ihr schon viele Sportarten ausprobiert und m\u00f6chtet euch nun auch einmal am Tischtennis versuchen? Oder ihr seid einfach neugierig und habt Spa\u00df am Spielen <a class=\"more-link\" href=\"https:\/\/ttc1946weinheim.de\/?page_id=1046\">weiterlesen&#8230;<\/a><\/p>\n","protected":false},"author":1,"featured_media":0,"parent":0,"menu_order":0,"comment_status":"closed","ping_status":"closed","template":"","meta":[],"_links":{"self":[{"href":"https:\/\/ttc1946weinheim.de\/index.php?rest_route=\/wp\/v2\/pages\/1046"}],"collection":[{"href":"https:\/\/ttc1946weinheim.de\/index.php?rest_route=\/wp\/v2\/pages"}],"about":[{"href":"https:\/\/ttc1946weinheim.de\/index.php?rest_route=\/wp\/v2\/types\/page"}],"author":[{"embeddable":true,"href":"https:\/\/ttc1946weinheim.de\/index.php?rest_route=\/wp\/v2\/users\/1"}],"replies":[{"embeddable":true,"href":"https:\/\/ttc1946weinheim.de\/index.php?rest_route=%2Fwp%2Fv2%2Fcomments&post=1046"}],"version-history":[{"count":8,"href":"https:\/\/ttc1946weinheim.de\/index.php?rest_route=\/wp\/v2\/pages\/1046\/revisions"}],"predecessor-version":[{"id":1775,"href":"https:\/\/ttc1946weinheim.de\/index.php?rest_route=\/wp\/v2\/pages\/1046\/revisions\/1775"}],"wp:attachment":[{"href":"https:\/\/ttc1946weinheim.de\/index.php?rest_route=%2Fwp%2Fv2%2Fmedia&parent=1046"}],"curies":[{"name":"wp","href":"https:\/\/api.w.org\/{rel}","templated":true}]}}