{"id":1341,"date":"2018-09-23T10:26:36","date_gmt":"2018-09-23T08:26:36","guid":{"rendered":"http:\/\/ttc1946weinheim.de\/?page_id=1341"},"modified":"2026-04-13T11:54:11","modified_gmt":"2026-04-13T09:54:11","slug":"vorbericht","status":"publish","type":"page","link":"https:\/\/ttc1946weinheim.de\/?page_id=1341","title":{"rendered":"Vorbericht"},"content":{"rendered":"<h4><strong>Am Freitag treffen die TTC-Damen im Halbfinale auf Berlin<\/strong><\/h4>\n<p>Nachdem die Damenmannschaft des TTC 46 Weinheim \u00fcberraschend noch den vierten Tabellenplatz erobert hat, steigt nun am kommenden Wochenende das erste Kapitel der Playoffs \u2013 Heimspiel am Freitag, 17.04., 19:30 h. Im Halbfinale trifft der aktuelle Deutsche Meister Weinheim auf den oftmaligen Titeltr\u00e4ger aus Berlin. Im Hin- und R\u00fcckspiel wird der Finalteilnehmer ermittelt, der dann gegen den Sieger aus der Begegnung TSV Langstadt gegen TSV Dachau um den Titel spielen wird.<\/p>\n<p>Und nun wieder der ttc berlin eastside. Die Endspiel-Matches des letzten Jahres sind in Erinnerung geblieben, als nach dem Weinheimer 6:2-Sieg im Hinspiel in Berlin die Partie in der Hitzeschlacht an der Bergstra\u00dfe in einem Eklat endete. Die Berliner brachen nach 0:2 wegen zu hoher Temperaturen unter Protest das Spiel ab und konnten danach auch \u00fcber Prozesstermine nicht an der Niederlage r\u00fctteln. Weinheim war und blieb Meister.<\/p>\n<p>In diesem Jahr wollen die Berliner den Meistertitel zur\u00fcck. Der Kader ist mit so vielen und hochklassigen Spitzenspielerinnen best\u00fcckt, dass alles Andere als der Titel auch eine Sensation w\u00e4re.<br \/>\nSchon in den Spielen der Saison lie\u00dfen sie keinen Zweifel an ihren Ambitionen aufkommen und beendeten die Serie mit 25:1 Punkten. Und anders als im letzten Jahr sind die Spitzenkr\u00e4fte auch f\u00fcr die Playoffs spielberechtigt. So stehen mit Yuka Kaneyoshi, Nina Mittelham, Natalia Bator, Mia Griesel und Sabina Surjan Akteurinnen bereit, an denen kaum ein Vorbeikommen drin ist. Au\u00dferdem ist die Revanche f\u00fcr die Finalniederlage zus\u00e4tzliche Motivation.<\/p>\n<p>F\u00fcr den TTC 46 Weinheim ist nach der reichlich verkorksten Saison mit den vielen Ausf\u00e4llen und Verletzungen das Erreichen des Halbfinals ein absoluter Bonus. Kaum einer hatte noch damit gerechnet, und nun kann man gegen den hohen Favoriten aus der Hauptstadt locker und frei aufspielen. Nach so einer Saison sind die Spiele in den Play Offs gegen Berlin eine tolle B\u00fchne f\u00fcr unser Team und die Zuschauer, um hochklassiges Tischtennis anzubieten und zu erleben.<\/p>\n<p>Auf Weinheimer Seite wird Trainer Rainer Schmidt im Heimspiel am Freitag wohl wieder auf \u201eLois\u201c Tung-Chuan Chien, Yuan Wan, Veronika Matiunina und Daria Trigolos setzen. Was damit m\u00f6glich ist, darf man abwarten. \u201eWir haben keine Chance, die wollen wir nutzen.\u201c<\/p>\n<p>Der Modus ist wie im vergangenen Jahr: hat jedes Team eine Partie gewonnen, so gibt es direkt im Anschluss an das R\u00fcckspiel das \u201eGolden Match\u201c, bei dem jeweils nur ein Satz bis 11 gespielt wird bis zum vierten Matchgewinn eines Teams.<\/p>\n<p>Die Zuschauer d\u00fcrfen mit hochklassigen Matches rechnen und bekommen in dieser zus\u00e4tzlichen Partie noch ein weiteres Highlight.<\/p>\n<p>Freitag, 17.04.2026, 19:30 h, Heisenberg-Sporthalle: TTC 46 Weinheim \u2013 ttc berlin eastside<br \/>\nSonntag, 19.04.2026, 14:00 h: ttc berlin eastside \u2013 TTC 46 Weinheim<\/p>\n<p>&nbsp;<\/p>\n<p>&nbsp;<\/p>\n<p>&nbsp;<\/p>\n","protected":false},"excerpt":{"rendered":"<p>Am Freitag treffen die TTC-Damen im Halbfinale auf Berlin Nachdem die Damenmannschaft des TTC 46 Weinheim \u00fcberraschend noch den vierten Tabellenplatz erobert hat, steigt nun am kommenden Wochenende das erste Kapitel der Playoffs \u2013 Heimspiel am Freitag, 17.04., 19:30 h. <a class=\"more-link\" href=\"https:\/\/ttc1946weinheim.de\/?page_id=1341\">weiterlesen&#8230;<\/a><\/p>\n","protected":false},"author":1,"featured_media":0,"parent":0,"menu_order":0,"comment_status":"closed","ping_status":"closed","template":"","meta":[],"_links":{"self":[{"href":"https:\/\/ttc1946weinheim.de\/index.php?rest_route=\/wp\/v2\/pages\/1341"}],"collection":[{"href":"https:\/\/ttc1946weinheim.de\/index.php?rest_route=\/wp\/v2\/pages"}],"about":[{"href":"https:\/\/ttc1946weinheim.de\/index.php?rest_route=\/wp\/v2\/types\/page"}],"author":[{"embeddable":true,"href":"https:\/\/ttc1946weinheim.de\/index.php?rest_route=\/wp\/v2\/users\/1"}],"replies":[{"embeddable":true,"href":"https:\/\/ttc1946weinheim.de\/index.php?rest_route=%2Fwp%2Fv2%2Fcomments&post=1341"}],"version-history":[{"count":107,"href":"https:\/\/ttc1946weinheim.de\/index.php?rest_route=\/wp\/v2\/pages\/1341\/revisions"}],"predecessor-version":[{"id":6748,"href":"https:\/\/ttc1946weinheim.de\/index.php?rest_route=\/wp\/v2\/pages\/1341\/revisions\/6748"}],"wp:attachment":[{"href":"https:\/\/ttc1946weinheim.de\/index.php?rest_route=%2Fwp%2Fv2%2Fmedia&parent=1341"}],"curies":[{"name":"wp","href":"https:\/\/api.w.org\/{rel}","templated":true}]}}