{"id":1926,"date":"2019-09-19T16:29:05","date_gmt":"2019-09-19T14:29:05","guid":{"rendered":"http:\/\/ttc1946weinheim.de\/?page_id=1926"},"modified":"2023-12-12T09:29:11","modified_gmt":"2023-12-12T08:29:11","slug":"vorbericht-en","status":"publish","type":"page","link":"https:\/\/ttc1946weinheim.de\/?page_id=1926&lang=en","title":{"rendered":"Previous report"},"content":{"rendered":"<h3><span style=\"color: #000000;\"><strong>TTC 46 Weinheim: The last games of the first half of the season<\/strong><\/span><\/h3>\n<h3><span style=\"color: #000000;\"><strong>Ladies against B\u00f6blingen at 12 noon<\/strong><\/span><\/h3>\n<p><span style=\"color: #000000;\">It&#8217;s high noon for the ladies on Sunday when they face their rivals from the L\u00e4ndle, SV B\u00f6blingen, for points in the first Bundesliga. And points are a must, as the TTC 46 is currently in last place with 4:8.<\/span><\/p>\n<p><span style=\"color: #000000;\">The game in the Heisenberg-Halle starts at an unusual time, because the Weinheimers have to leave for Berlin immediately after the end of the game to play their match against ttc berlin eastside in the capital at an even more unusual time on Monday evening at 5:30 pm.<\/span><\/p>\n<p><span style=\"color: #000000;\">The team from B\u00f6blingen have a balanced record of 6:6 with two draws recently, and they also shared the points against Weinheim&#8217;s last opponent Berlin. The Swabians have an extremely strong front pairing in Qianhong Gotsch and Annett Kaufmann, who have a very good record in this round with 10:2 and 8:4 respectively. Weinheim&#8217;s players proved in the last round that they can also be beaten with a 6:3 win in B\u00f6blingen and a 6:2 win at home; neither Annett Kaufmann nor Bruna Takahashi were involved.<\/span><br \/>\n<span style=\"color: #000000;\">TTC 46 could perhaps do better in the back four. The B\u00f6blingen team has two somewhat less strong players in the form of Tsuki Yoshida and Alexandra Kaufmann.<\/span><\/p>\n<p><span style=\"color: #000000;\">TTC 46&#8217;s best line-up of Bruna Takahashi, Yuan Wan, Mateja Jeger and Sophia Klee will take to the court on Sunday, and with a little luck and the support of the crowd, the upward trend from the last match could continue. A close match is to be expected.<\/span><\/p>\n<p><span style=\"color: #000000;\">With a full team, including Daria Trigolos, the squad will then travel to Berlin to make up for the postponed match on November 26. The Berlin team had insisted on a postponement because their junior player Josephina Neumann had to attend an official tournament. Now, although she was only number 8 in the seeding list, she should be able to take part. Top players Nina Mittelham and Britt Eerland have only played once and three times respectively so far, meaning that the hosts&#8216; line-up is still a bit of a grab bag. As a result, the capital&#8217;s march to a repeat title win is still somewhat stalled.<\/span><br \/>\n<span style=\"color: #000000;\">So the Weinheimers are not without a chance against the Berliners either<\/span><\/p>\n<p><span style=\"color: #000000;\">Ladies, 1st Bundesliga, <\/span><br \/>\n<span style=\"color: #000000;\">Sunday 17.12., 12:00 pm: TTC46 Weinheim &#8211; SV B\u00f6blingen<\/span><br \/>\n<span style=\"color: #000000;\">Monday 18.12., 17:30: ttc berlin eastside &#8211; TTC 46 Weinheim<\/span><\/p>\n<p><span style=\"color: #000000;\">Translated with DeepL.com (free version)<\/span><\/p>\n","protected":false},"excerpt":{"rendered":"<p>TTC 46 Weinheim: The last games of the first half of the season Ladies against B\u00f6blingen at 12 noon It&#8217;s high noon for the ladies on Sunday when they face their rivals from the L\u00e4ndle, SV B\u00f6blingen, for points in <a class=\"more-link\" href=\"https:\/\/ttc1946weinheim.de\/?page_id=1926&#038;lang=en\">weiterlesen&#8230;<\/a><\/p>\n","protected":false},"author":1,"featured_media":0,"parent":0,"menu_order":0,"comment_status":"closed","ping_status":"closed","template":"","meta":[],"_links":{"self":[{"href":"https:\/\/ttc1946weinheim.de\/index.php?rest_route=\/wp\/v2\/pages\/1926"}],"collection":[{"href":"https:\/\/ttc1946weinheim.de\/index.php?rest_route=\/wp\/v2\/pages"}],"about":[{"href":"https:\/\/ttc1946weinheim.de\/index.php?rest_route=\/wp\/v2\/types\/page"}],"author":[{"embeddable":true,"href":"https:\/\/ttc1946weinheim.de\/index.php?rest_route=\/wp\/v2\/users\/1"}],"replies":[{"embeddable":true,"href":"https:\/\/ttc1946weinheim.de\/index.php?rest_route=%2Fwp%2Fv2%2Fcomments&post=1926"}],"version-history":[{"count":45,"href":"https:\/\/ttc1946weinheim.de\/index.php?rest_route=\/wp\/v2\/pages\/1926\/revisions"}],"predecessor-version":[{"id":5239,"href":"https:\/\/ttc1946weinheim.de\/index.php?rest_route=\/wp\/v2\/pages\/1926\/revisions\/5239"}],"wp:attachment":[{"href":"https:\/\/ttc1946weinheim.de\/index.php?rest_route=%2Fwp%2Fv2%2Fmedia&parent=1926"}],"curies":[{"name":"wp","href":"https:\/\/api.w.org\/{rel}","templated":true}]}}