{"id":3749,"date":"2022-06-13T19:39:02","date_gmt":"2022-06-13T17:39:02","guid":{"rendered":"https:\/\/ttc1946weinheim.de\/?page_id=3749"},"modified":"2023-10-20T13:19:41","modified_gmt":"2023-10-20T11:19:41","slug":"damen-2-3","status":"publish","type":"page","link":"https:\/\/ttc1946weinheim.de\/?page_id=3749","title":{"rendered":"Damen 2 + 3"},"content":{"rendered":"<h4><strong>\u00a0<\/strong><\/h4>\n<h4><strong>Heimspiele der Damen II und Herren I &#8211; gemeinsame in einer Zeile<\/strong><\/h4>\n<table>\n<tbody>\n<tr>\n<td>\n<h4><strong>Damen II\u00a0 \u2013 <\/strong><\/h4>\n<h4><strong>3. Bundesliga<\/strong><\/h4>\n<\/td>\n<td><\/td>\n<td><\/td>\n<td>\n<h4><strong>Herren I \u2013 <\/strong><\/h4>\n<h4><strong>Regionalliga S\u00fcdwest<\/strong><\/h4>\n<\/td>\n<\/tr>\n<tr>\n<td width=\"156\"><strong>Gastmannschaft<\/strong><\/td>\n<td width=\"190\"><strong>Datum<\/strong><\/td>\n<td width=\"90\"><strong>Zeit<\/strong><\/td>\n<td width=\"178\"><strong>Gastmannschaft<\/strong><\/td>\n<\/tr>\n<tr>\n<td>RV Viktoria Wombach<\/td>\n<td>Sa. 30.09.23<\/td>\n<td>17:30<\/td>\n<td><\/td>\n<\/tr>\n<tr>\n<td>SSV Sch\u00f6nm\u00fcnzach<\/td>\n<td>Sa. 14.10.23<\/td>\n<td>17:30<\/td>\n<td>DJK Offenburg<\/td>\n<\/tr>\n<tr>\n<td><\/td>\n<td>Sa. 28.10.23<\/td>\n<td>17:30<\/td>\n<td>1. FSV Mainz 05 II<\/td>\n<\/tr>\n<tr>\n<td>Alemania Riestedt<\/td>\n<td>Sa.18.11.23<\/td>\n<td>17:30<\/td>\n<td>TV 06 Limbach<\/td>\n<\/tr>\n<tr>\n<td>SU Neckarsulm<\/td>\n<td>So. 02.12.23<\/td>\n<td>12:00<\/td>\n<td>TSG Kaiserslautern II<\/td>\n<\/tr>\n<tr>\n<td><\/td>\n<td>So. 13.01.24<\/td>\n<td>17:30<\/td>\n<td>VfR Birkmannsweiler<\/td>\n<\/tr>\n<tr>\n<td>TTG S\u00fc\u00dfen<\/td>\n<td>Sa. 17.02.24<\/td>\n<td>17:30<\/td>\n<td>TTC Zugbr\u00fccke Grenzau II<\/td>\n<\/tr>\n<tr>\n<td>LTTV Leutzscher F\u00fcchse 1990<\/td>\n<td>Sa. 24.02.24<\/td>\n<td>17:30<\/td>\n<td>ASV Gr\u00fcnwettersbach II<\/td>\n<\/tr>\n<tr>\n<td>DJK Sportbund Stuttgart<\/td>\n<td>So. 17.03.24<\/td>\n<td>14:00<\/td>\n<td>TTF Illtal<\/td>\n<\/tr>\n<tr>\n<td>TuS F\u00fcrstenfeldbruck II<\/td>\n<td>Sa. 23.03.24<\/td>\n<td>17:30<\/td>\n<td><\/td>\n<\/tr>\n<tr>\n<td><\/td>\n<td>Sa..20.04.24<\/td>\n<td>17:30<\/td>\n<td>TG Wallertheim<\/td>\n<\/tr>\n<\/tbody>\n<\/table>\n<p><strong>Die zweite Damenmannschaft<\/strong> des TTC Weinheim 1946. wird in der kommenden Saison 2023\/24 erneut in der dritten Bundesliga S\u00fcd aufschlagen. Nach der Beendigung der ersten Drittliga-Saison des Teams im vergangenen Jahr, welche schlussendlich mit Platz 5 beendet werden konnte, wird dies die zweite Saison in dieser Liga sein. Personell mussten wir zur kommenden Saison leider den Abgang der langj\u00e4hrig in Weinheim spielenden Wei\u00dfrussin Hanna Patseyeva verzeichnen. Auf der anderen Seite d\u00fcrfen wir mit Isabelle Sch\u00fctt und Victoria Merz zur Saison 2023\/24 zwei junge deutsche Spielerinnen in Weinheim begr\u00fc\u00dfen. Sowohl spielerisch als auch pers\u00f6nlich freuen wir uns sehr auf unsere Neuzug\u00e4nge! Mit Jennie Wolf als Spitzenspielerin, Johanna Wiegand und Melissa Friedrich werden drei der Stammspielerinnen der vergangenen Saison auch in diesem Jahr erneut f\u00fcr den TTC Weinheim aufschlagen. Spielerisch erhofft sich das Team, einen gesicherten Platz im Mittelfeld der stark besetzten Liga erreichen zu k\u00f6nnen. Insbesondere im Rahmen der, mit unserer in der Regionalliga spielenden ersten Herrenmannschaft gekoppelten Heimspiele, hoffen wir hohes spielerisches Niveau mit Spannung und Kampfgeist verbinden zu k\u00f6nnen und so auch den einen oder anderen Zuschauer f\u00fcr unsere tolle Sportart begeistern zu k\u00f6nnen<\/p>\n<p>Isabelle Sch\u00fctt kommt aus Saarbr\u00fccken und ist 20 Jahre alt.<br \/>\nVictoria Merz kommt aus Heilbronn und ist 19 Jahre alt.<\/p>\n<p><strong>3. Damen des TTC 1946 Weinheim blicken optimistisch auf die kommende Herausforderung<\/strong><\/p>\n<p>Nach einem spannenden Aufstiegskampf in der Oberliga, den die dritte Damenmannschaft vor allem mit Teamgeist meisterte, freuen sich Julia Weimer, Sara Hartmann, Celin Ermler, Conny Klump und Wiebke Haas in dieser Saison auf die Herausforderungen in der Regionalliga.<\/p>\n<p>Alle Spielerinnen konnten in den vergangenen Saisons vereinzelt schon Spielerfahrung in der vierten Liga sammeln. Dennoch wird sich die Mannschaft an den raueren Wind gew\u00f6hnen m\u00fcssen, weshalb das Saisonziel \u201eKlassenerhalt\u201c lautet. Hierf\u00fcr darf das Team auf gelegentliche Unterst\u00fctzung von Isabelle Sch\u00fctt, Victoria Merz und Melissa Friedrich aus der zweiten Mannschaft z\u00e4hlen. Die Damen starten somit optimistisch in die Runde und geben alles f\u00fcr einen erfolgreichen Verlauf.<\/p>\n<p>&nbsp;<\/p>\n<table>\n<tbody>\n<tr>\n<td width=\"25%\">\n<h6 style=\"text-align: center;\">Daria Trigolos<br \/>\n&#8211; 2145<\/h6>\n<p><img decoding=\"async\" class=\"wp-image-5071 size-full aligncenter\" src=\"https:\/\/ttc1946weinheim.de\/wp-content\/uploads\/2023\/10\/DariaT.jpg\" alt=\"\" width=\"166\" height=\"227\" \/><\/td>\n<td width=\"25%\">\n<h6 style=\"text-align: center;\">Luisa S\u00e4ger<br \/>\n&#8211; 2017<\/h6>\n<p><img decoding=\"async\" class=\"wp-image-3759 size-full aligncenter\" src=\"https:\/\/ttc1946weinheim.de\/wp-content\/uploads\/2022\/06\/L_Saeger-1.jpg\" alt=\"\" width=\"166\" height=\"227\" \/><\/td>\n<td width=\"25%\">\n<h6 style=\"text-align: center;\">Jennie Wolf<br \/>\n\u2013 2011<\/h6>\n<p><img decoding=\"async\" class=\"wp-image-3756 size-full aligncenter\" src=\"https:\/\/ttc1946weinheim.de\/wp-content\/uploads\/2022\/06\/J_Wolf-2.jpg\" alt=\"\" width=\"166\" height=\"227\" \/><\/td>\n<td width=\"25%\">\n<h6 style=\"text-align: center;\">Johanna Wiegand<br \/>\n\u2013 1909<\/h6>\n<p style=\"text-align: center;\"><img loading=\"lazy\" decoding=\"async\" class=\"wp-image-5064 size-full aligncenter\" src=\"https:\/\/ttc1946weinheim.de\/wp-content\/uploads\/2023\/10\/Wiegand.jpg\" alt=\"\" width=\"166\" height=\"227\" \/><\/p>\n<\/td>\n<\/tr>\n<tr>\n<td>\n<h6 style=\"text-align: center;\">Victoria Merz<br \/>\n&#8211; 1864<\/h6>\n<p><img loading=\"lazy\" decoding=\"async\" class=\"size-full wp-image-5062 aligncenter\" src=\"https:\/\/ttc1946weinheim.de\/wp-content\/uploads\/2023\/10\/Merz.jpg\" alt=\"\" width=\"166\" height=\"227\" \/><\/td>\n<td>\n<h6 style=\"text-align: center;\">Isabelle Sch\u00fctt<br \/>\n&#8211; 1855<\/h6>\n<p><img loading=\"lazy\" decoding=\"async\" class=\"size-full wp-image-5063 aligncenter\" src=\"https:\/\/ttc1946weinheim.de\/wp-content\/uploads\/2023\/10\/Schuett.jpg\" alt=\"\" width=\"167\" height=\"227\" \/><\/td>\n<td>\n<h6 style=\"text-align: center;\">Julia Weimer<br \/>\n\u2013 1833<\/h6>\n<p style=\"text-align: center;\"><img loading=\"lazy\" decoding=\"async\" class=\"wp-image-5067 size-full aligncenter\" src=\"https:\/\/ttc1946weinheim.de\/wp-content\/uploads\/2023\/10\/JuliaW.jpg\" alt=\"\" width=\"166\" height=\"227\" \/><\/p>\n<\/td>\n<td>\n<h6 style=\"text-align: center;\">Melissa Friedrich<br \/>\n\u2013 1759<\/h6>\n<p style=\"text-align: center;\"><img loading=\"lazy\" decoding=\"async\" class=\"wp-image-5065 size-full aligncenter\" src=\"https:\/\/ttc1946weinheim.de\/wp-content\/uploads\/2023\/10\/Friedrich.jpg\" alt=\"\" width=\"166\" height=\"227\" \/><\/p>\n<\/td>\n<\/tr>\n<tr>\n<td>\n<h6 style=\"text-align: center;\">Sara Hartmann<br \/>\n\u2013 1666<\/h6>\n<p><img loading=\"lazy\" decoding=\"async\" class=\"wp-image-5068 size-full aligncenter\" src=\"https:\/\/ttc1946weinheim.de\/wp-content\/uploads\/2023\/10\/Sara.jpg\" alt=\"\" width=\"166\" height=\"227\" \/><\/td>\n<td>\n<h6 style=\"text-align: center;\">Celin Ermler<br \/>\n\u2013 1666<\/h6>\n<p><img loading=\"lazy\" decoding=\"async\" class=\"size-full wp-image-3790 aligncenter\" src=\"https:\/\/ttc1946weinheim.de\/wp-content\/uploads\/2022\/06\/Celin-1.jpg\" alt=\"\" width=\"166\" height=\"229\" \/><\/td>\n<td>\n<h6 style=\"text-align: center;\">Constanze Klump<br \/>\n\u2013 1682<\/h6>\n<p><img loading=\"lazy\" decoding=\"async\" class=\"wp-image-5066 size-full aligncenter\" src=\"https:\/\/ttc1946weinheim.de\/wp-content\/uploads\/2023\/10\/Conny.jpg\" alt=\"\" width=\"166\" height=\"227\" \/><\/td>\n<td>\n<h6 style=\"text-align: center;\">Wiebke Haas<br \/>\n\u2013 1591<\/h6>\n<p style=\"text-align: center;\"><img loading=\"lazy\" decoding=\"async\" class=\"wp-image-5069 size-full aligncenter\" src=\"https:\/\/ttc1946weinheim.de\/wp-content\/uploads\/2023\/10\/Wiebke.jpg\" alt=\"\" width=\"166\" height=\"227\" \/><\/p>\n<\/td>\n<\/tr>\n<\/tbody>\n<\/table>\n<p>&nbsp;<\/p>\n","protected":false},"excerpt":{"rendered":"<p>\u00a0 Heimspiele der Damen II und Herren I &#8211; gemeinsame in einer Zeile Damen II\u00a0 \u2013 3. Bundesliga Herren I \u2013 Regionalliga S\u00fcdwest Gastmannschaft Datum Zeit Gastmannschaft RV Viktoria Wombach Sa. 30.09.23 17:30 SSV Sch\u00f6nm\u00fcnzach Sa. 14.10.23 17:30 DJK Offenburg <a class=\"more-link\" href=\"https:\/\/ttc1946weinheim.de\/?page_id=3749\">weiterlesen&#8230;<\/a><\/p>\n","protected":false},"author":1,"featured_media":0,"parent":0,"menu_order":0,"comment_status":"closed","ping_status":"closed","template":"","meta":[],"_links":{"self":[{"href":"https:\/\/ttc1946weinheim.de\/index.php?rest_route=\/wp\/v2\/pages\/3749"}],"collection":[{"href":"https:\/\/ttc1946weinheim.de\/index.php?rest_route=\/wp\/v2\/pages"}],"about":[{"href":"https:\/\/ttc1946weinheim.de\/index.php?rest_route=\/wp\/v2\/types\/page"}],"author":[{"embeddable":true,"href":"https:\/\/ttc1946weinheim.de\/index.php?rest_route=\/wp\/v2\/users\/1"}],"replies":[{"embeddable":true,"href":"https:\/\/ttc1946weinheim.de\/index.php?rest_route=%2Fwp%2Fv2%2Fcomments&post=3749"}],"version-history":[{"count":27,"href":"https:\/\/ttc1946weinheim.de\/index.php?rest_route=\/wp\/v2\/pages\/3749\/revisions"}],"predecessor-version":[{"id":5073,"href":"https:\/\/ttc1946weinheim.de\/index.php?rest_route=\/wp\/v2\/pages\/3749\/revisions\/5073"}],"wp:attachment":[{"href":"https:\/\/ttc1946weinheim.de\/index.php?rest_route=%2Fwp%2Fv2%2Fmedia&parent=3749"}],"curies":[{"name":"wp","href":"https:\/\/api.w.org\/{rel}","templated":true}]}}