{"id":3859,"date":"2022-07-21T15:41:40","date_gmt":"2022-07-21T13:41:40","guid":{"rendered":"https:\/\/ttc1946weinheim.de\/?page_id=3859"},"modified":"2022-07-21T15:41:40","modified_gmt":"2022-07-21T13:41:40","slug":"teamvorstellung-mateja-jeger","status":"publish","type":"page","link":"https:\/\/ttc1946weinheim.de\/?page_id=3859","title":{"rendered":"Teamvorstellung: Mateja Jeger"},"content":{"rendered":"<p>Die Kroatin wurde am 13.01.1995 in Zagreb geboren, wo sie auch heute noch wohnt und von wo sie jeweils zu den Spielen anreist. Sie spielte auch viele Jahre f\u00fcr Clubs in Zagreb, bevor sie 2016 vom damaligen Zweit-Bundesligisten TSV Schwabhausen verpflichtet wurde.<\/p>\n<p>Das Team aus der N\u00e4he von Dachau holte in dieser Saison bei nur einer Niederlage den Meistertitel, und Mateja gl\u00e4nzte mit einer Saisonbilanz von 20:8. Schwabhausen verzichtete aber auf den Aufstieg in die erste Liga und traf somit in der folgenden Runde auf den damaligen Aufsteiger TTC 46 Weinheim.<br \/>\nSo kam es zu den ersten Treffen mit den Weinheimer Akteurinnen Mallika Bhandarkar, Jennie Wolf und Luisa S\u00e4ger mit klaren Vorteilen f\u00fcr die Kroatin.<br \/>\nDie Duelle mit Luisa S\u00e4ger und Jennie Wolf mit erfolgreichem Ausgang f\u00fcr Mateja setzten sich auch 2028\/19 fort, als Weinheim Meister wurde und Schwabhausen als Zweiter die Gelegenheit zum Aufstieg in die 1. Bundesliga nutzte.<br \/>\nEin Wiedersehen gab es nun in der vergangenen Saison ganz oben, als die Oberbayern gegen Weinheim 6:3 und 5:5 spielten und Mateja gegen Caroline Kumahara unterlag, gegen Daria Trigolos gewann und das R\u00fcckspiel verpasste.<\/p>\n<p><img fetchpriority=\"high\" decoding=\"async\" class=\"wp-image-3631 aligncenter\" src=\"https:\/\/ttc1946weinheim.de\/wp-content\/uploads\/2022\/06\/JEGER_Mateja-scaled.jpg\" alt=\"\" width=\"1200\" height=\"675\" srcset=\"https:\/\/ttc1946weinheim.de\/wp-content\/uploads\/2022\/06\/JEGER_Mateja-scaled.jpg 2560w, https:\/\/ttc1946weinheim.de\/wp-content\/uploads\/2022\/06\/JEGER_Mateja-300x169.jpg 300w, https:\/\/ttc1946weinheim.de\/wp-content\/uploads\/2022\/06\/JEGER_Mateja-1024x577.jpg 1024w, https:\/\/ttc1946weinheim.de\/wp-content\/uploads\/2022\/06\/JEGER_Mateja-768x432.jpg 768w, https:\/\/ttc1946weinheim.de\/wp-content\/uploads\/2022\/06\/JEGER_Mateja-1536x865.jpg 1536w, https:\/\/ttc1946weinheim.de\/wp-content\/uploads\/2022\/06\/JEGER_Mateja-2048x1153.jpg 2048w, https:\/\/ttc1946weinheim.de\/wp-content\/uploads\/2022\/06\/JEGER_Mateja-scaled-400x225.jpg 400w, https:\/\/ttc1946weinheim.de\/wp-content\/uploads\/2022\/06\/JEGER_Mateja-780x439.jpg 780w, https:\/\/ttc1946weinheim.de\/wp-content\/uploads\/2022\/06\/JEGER_Mateja-scaled-900x507.jpg 900w, https:\/\/ttc1946weinheim.de\/wp-content\/uploads\/2022\/06\/JEGER_Mateja-scaled-620x349.jpg 620w\" sizes=\"(max-width: 1200px) 100vw, 1200px\" \/><\/p>\n<p>Ihre sportlichen Erfolge zeigen zweimal die nationale Meisterschaft im Einzel, das Erreichen der besten 32 bei den Europameisterschaften und zuletzt beim WTT Star Contender Wettbewerb eine Niederlage erst in der 3. Qualifikationsrunde gegen ihre bisherige Mannschaftskameradin Sabine Winter.<\/p>\n<p>F\u00fcr die kommende Runde ist sie beim TTC 46 an Position 3 gesetzt, und je nach den Terminen der WTT-Turniere f\u00fcr die Weltbesten muss sie auch im vorderen Paarkreuz ran.<br \/>\nWie die Meisten sieht sie auch in der Saison 2022\/23 den ttc berlin eastside wieder als klaren Favorit, w\u00e4hrend sie f\u00fcr den Abstieg keinen Kandidaten benennen will, weil sie die neue Zusammensetzung der Teams nicht kennt. F\u00fcr ihre eigene Mannschaft h\u00e4lt sie ein Platz unter den ersten Vier f\u00fcr m\u00f6glich.<\/p>\n","protected":false},"excerpt":{"rendered":"<p>Die Kroatin wurde am 13.01.1995 in Zagreb geboren, wo sie auch heute noch wohnt und von wo sie jeweils zu den Spielen anreist. Sie spielte auch viele Jahre f\u00fcr Clubs in Zagreb, bevor sie 2016 vom damaligen Zweit-Bundesligisten TSV Schwabhausen <a class=\"more-link\" href=\"https:\/\/ttc1946weinheim.de\/?page_id=3859\">weiterlesen&#8230;<\/a><\/p>\n","protected":false},"author":1,"featured_media":0,"parent":0,"menu_order":0,"comment_status":"closed","ping_status":"closed","template":"","meta":[],"_links":{"self":[{"href":"https:\/\/ttc1946weinheim.de\/index.php?rest_route=\/wp\/v2\/pages\/3859"}],"collection":[{"href":"https:\/\/ttc1946weinheim.de\/index.php?rest_route=\/wp\/v2\/pages"}],"about":[{"href":"https:\/\/ttc1946weinheim.de\/index.php?rest_route=\/wp\/v2\/types\/page"}],"author":[{"embeddable":true,"href":"https:\/\/ttc1946weinheim.de\/index.php?rest_route=\/wp\/v2\/users\/1"}],"replies":[{"embeddable":true,"href":"https:\/\/ttc1946weinheim.de\/index.php?rest_route=%2Fwp%2Fv2%2Fcomments&post=3859"}],"version-history":[{"count":1,"href":"https:\/\/ttc1946weinheim.de\/index.php?rest_route=\/wp\/v2\/pages\/3859\/revisions"}],"predecessor-version":[{"id":3860,"href":"https:\/\/ttc1946weinheim.de\/index.php?rest_route=\/wp\/v2\/pages\/3859\/revisions\/3860"}],"wp:attachment":[{"href":"https:\/\/ttc1946weinheim.de\/index.php?rest_route=%2Fwp%2Fv2%2Fmedia&parent=3859"}],"curies":[{"name":"wp","href":"https:\/\/api.w.org\/{rel}","templated":true}]}}