{"id":4532,"date":"2023-02-07T17:10:11","date_gmt":"2023-02-07T16:10:11","guid":{"rendered":"https:\/\/ttc1946weinheim.de\/?page_id=4532"},"modified":"2023-05-05T11:52:53","modified_gmt":"2023-05-05T09:52:53","slug":"wie-geht-weiter","status":"publish","type":"page","link":"https:\/\/ttc1946weinheim.de\/?page_id=4532","title":{"rendered":"Wie geht&#8216; weiter"},"content":{"rendered":"<h3><strong>Wie geht\u2019s weiter?<\/strong><\/h3>\n<p>Wenn am 22. M\u00e4rz mit dem Nacholspiel Berlin-Schwabhausen alle Spiele der R\u00fcckrunde der ersten Tischtennis-Bundesliga der Damen absolviert sind, hat man zwar eine Abschluss-Tabelle; die dient aber nur dazu, die Teilnehmer an der Play-Off-Runde zu bestimmen sowie den Absteiger, sofern ein Team aus der zweiten Liga den Aufstieg wagen will.<\/p>\n<p>Die ersten Sechs spielen dann den deutschen Meister aus.<br \/>\nDies sind dann sicher der TTC 46 Weinheim als Erster, der ttc berlin eastside als Zweiter.<br \/>\nEs folgen Kolbermoor, B\u00f6blingen, Schwabhausen und Langstadt.<br \/>\nZun\u00e4chst haben die beiden Erstplatzierten der Tabelle ein Freilos und warten auf ihren Gegner in den Halbfinals. Der Drittplatzierte spielt gegen den Sechsten, der Vierte gegen den F\u00fcnften, jeweils in Hin- und R\u00fcckspielen. Zwei Siege sind n\u00f6tig zum Weiterkommen; ggf. muss ein drittes Spiel entscheiden. Der jeweils Besserplatzierte hat die Wahl, ob er sein Heimrecht im Hin- oder im R\u00fcckspiel wahrnehmen will. Im\u00a0 dritten Spiel hat er jedenfalls.Heimrecht<\/p>\n<p>Der Tabellenerste trifft dann auf den Sieger aus dem Vierten\/F\u00fcnften; der Tabellenzweite bekommt es mit dem Dritten\/Sechsten zu tun.<br \/>\nWegen diverser internationaler Turniere, zu denen die Spielerinnen jeweils abgestellt werden m\u00fcssen, zieht sich die Entscheidung um die Meisterschaft bis in den Juni .<br \/>\nDie Halbfinalspiele sind angesetzt auf den 2. bis 6. Juni, die Finals auf den 9. bis 13. Juni. Zun\u00e4chst also jeweils Freitag und Sonntag, Entscheidungsspiele Montag oder Dienstag.<\/p>\n<h4><strong>Wochenende 5. bis 9. Mai:<\/strong><\/h4>\n<p>In diesen Tagen wird der Gegner des TTC 46 Weinheim f\u00fcr das Halbfinale ermittelt: Der TSV Schwabhausen und der SV B\u00f6blingen treffen aufeinander, mit dem letzten Haimrecht f\u00fcr Schwabhausen.<\/p>\n<p>Der TTC 46 wird dann\u00a0 im Halbfinale zun\u00e4chst ausw\u00e4rts antreten, dann am Sonntag, dem 4. Juni um 14:00 Uhr zuhause in der Heisenberghalle gegen den Sieger der Viertelfinalbegegnung.<\/p>\n<h3><strong>Am 4. Juni ist die Tiefgarage des Heisenberggymnasiums kostenfrei zu benutzen.<\/strong><br \/>\n<strong>Bei einem eventuellen Entscheidungsspiel am Montag, dem 5.Juni, 19:00 Uhr, ist die Tiefgarage offen, aber nicht kostenfrei !<\/strong><\/h3>\n","protected":false},"excerpt":{"rendered":"<p>Wie geht\u2019s weiter? Wenn am 22. M\u00e4rz mit dem Nacholspiel Berlin-Schwabhausen alle Spiele der R\u00fcckrunde der ersten Tischtennis-Bundesliga der Damen absolviert sind, hat man zwar eine Abschluss-Tabelle; die dient aber nur dazu, die Teilnehmer an der Play-Off-Runde zu bestimmen sowie <a class=\"more-link\" href=\"https:\/\/ttc1946weinheim.de\/?page_id=4532\">weiterlesen&#8230;<\/a><\/p>\n","protected":false},"author":1,"featured_media":0,"parent":0,"menu_order":0,"comment_status":"closed","ping_status":"closed","template":"","meta":[],"_links":{"self":[{"href":"https:\/\/ttc1946weinheim.de\/index.php?rest_route=\/wp\/v2\/pages\/4532"}],"collection":[{"href":"https:\/\/ttc1946weinheim.de\/index.php?rest_route=\/wp\/v2\/pages"}],"about":[{"href":"https:\/\/ttc1946weinheim.de\/index.php?rest_route=\/wp\/v2\/types\/page"}],"author":[{"embeddable":true,"href":"https:\/\/ttc1946weinheim.de\/index.php?rest_route=\/wp\/v2\/users\/1"}],"replies":[{"embeddable":true,"href":"https:\/\/ttc1946weinheim.de\/index.php?rest_route=%2Fwp%2Fv2%2Fcomments&post=4532"}],"version-history":[{"count":6,"href":"https:\/\/ttc1946weinheim.de\/index.php?rest_route=\/wp\/v2\/pages\/4532\/revisions"}],"predecessor-version":[{"id":4684,"href":"https:\/\/ttc1946weinheim.de\/index.php?rest_route=\/wp\/v2\/pages\/4532\/revisions\/4684"}],"wp:attachment":[{"href":"https:\/\/ttc1946weinheim.de\/index.php?rest_route=%2Fwp%2Fv2%2Fmedia&parent=4532"}],"curies":[{"name":"wp","href":"https:\/\/api.w.org\/{rel}","templated":true}]}}