{"id":5610,"date":"2024-09-11T09:12:31","date_gmt":"2024-09-11T07:12:31","guid":{"rendered":"https:\/\/ttc1946weinheim.de\/?page_id=5610"},"modified":"2025-09-27T16:07:58","modified_gmt":"2025-09-27T14:07:58","slug":"herren-iii-24-25","status":"publish","type":"page","link":"https:\/\/ttc1946weinheim.de\/?page_id=5610","title":{"rendered":"HerrenI 2025"},"content":{"rendered":"<h4><strong>Mit neuem Schwung und klarem Ziel in die neue Saison<\/strong><\/h4>\n<p>Nach einer starken Saison 24\/25, in der die erste Herrenmannschaft des TTC 1946 Weinheim den 3. Platz in der Regionalliga S\u00fcdwest erreichte, blickt der TTC optimistisch auf die kommende Spielzeit. Das Ziel bleibt unver\u00e4ndert: Auch in der Saison 25\/26 will man wieder oben mitspielen und sich in der Spitzengruppe behaupten.<\/p>\n<p>Das Team geht mit einer Ver\u00e4nderung an den Start.\u00a0<strong>Matthias Bomsdorf<\/strong>\u00a0wird k\u00fcnftig in der zweiten Mannschaft aktiv sein. F\u00fcr ihn r\u00fcckt ein spannender Neuzugang in die Erste: Mit\u00a0<strong>Louis Price<\/strong>\u00a0konnte der TTC einen jungen, dynamischen Spieler verpflichten, der mit seiner offensiven Spielweise und seinem Ehrgeiz vielversprechende Impulse setzen soll.<\/p>\n<div id=\"attachment_6349\" style=\"width: 410px\" class=\"wp-caption alignright\"><img aria-describedby=\"caption-attachment-6349\" fetchpriority=\"high\" decoding=\"async\" class=\"wp-image-6349\" src=\"https:\/\/ttc1946weinheim.de\/wp-content\/uploads\/2025\/09\/Price.jpg\" alt=\"\" width=\"400\" height=\"448\" srcset=\"https:\/\/ttc1946weinheim.de\/wp-content\/uploads\/2025\/09\/Price.jpg 800w, https:\/\/ttc1946weinheim.de\/wp-content\/uploads\/2025\/09\/Price-268x300.jpg 268w, https:\/\/ttc1946weinheim.de\/wp-content\/uploads\/2025\/09\/Price-768x860.jpg 768w\" sizes=\"(max-width: 400px) 100vw, 400px\" \/><p id=\"caption-attachment-6349\" class=\"wp-caption-text\">Louis Price<\/p><\/div>\n<p>Unver\u00e4ndert an der Spitze bleibt\u00a0<strong>Dragutin Surbek<\/strong>, der auch in der vergangenen Saison mit seiner Routine und spielerischen Klasse entscheidend zum Erfolg beitrug. Dazu kommen\u00a0<strong>Bjarne Krei\u00dfl<\/strong>,\u00a0<strong>Alexander Gerhold<\/strong>\u00a0sowie\u00a0<strong>Tom Wienke<\/strong>, der sich bereits als junger Leistungstr\u00e4ger etabliert hat und den n\u00e4chsten Schritt im vorderen Paarkreuz gehen m\u00f6chte. Gemeinsam mit Neuzugang Price will die Mannschaft erneut eine wichtige Rolle in der Regionalliga spielen.<\/p>\n<p><strong>Aufstellung Herren I Vorrunde (Regionalliga S\u00fcdwest) 25\/26:<br \/>\n<\/strong>Dragutin Surbek<br \/>\nLouis Price<br \/>\nTom Wienke<br \/>\nBjarne Krei\u00dfl<br \/>\nAlexander Gerhold<\/p>\n<p><strong>Zweite Herrenmannschaft (Verbandsoberliga Gr.1):<\/strong><\/p>\n<p>Maththias Bomsdorf<br \/>\nVincent Ke\u00dfler<br \/>\nJakob Hesse<br \/>\nMohemed Gabor Elzaher<br \/>\nMilan Kacnik<br \/>\nVictoria Merz<\/p>\n<p>Auch in dieser Saison werden die meisten Heimspiele der ersten Herren parallel zu den Spielen der zweiten Damenmannschaft in der 3. Bundesliga ausgetragen. Beide Teams freuen sich auf die Unterst\u00fctzung zahlreicher Zuschauer und m\u00f6chten mit attraktivem und leidenschaftlichem Tischtennis begeistern. Wie gewohnt wird an den Parallelspieltagen ein Verpflegungsstand f\u00fcr die Zuschauer organisiert, um die Spieltage in Weinheim zu einem rundum gelungenen Erlebnis zu machen.<\/p>\n<p><a href=\"https:\/\/ttc1946weinheim.de\/?page_id=6332\"><strong>Siehe Heimspielplan der Damen 2 und Herren 1<\/strong><\/a><\/p>\n","protected":false},"excerpt":{"rendered":"<p>Mit neuem Schwung und klarem Ziel in die neue Saison Nach einer starken Saison 24\/25, in der die erste Herrenmannschaft des TTC 1946 Weinheim den 3. Platz in der Regionalliga S\u00fcdwest erreichte, blickt der TTC optimistisch auf die kommende Spielzeit. <a class=\"more-link\" href=\"https:\/\/ttc1946weinheim.de\/?page_id=5610\">weiterlesen&#8230;<\/a><\/p>\n","protected":false},"author":1,"featured_media":0,"parent":0,"menu_order":0,"comment_status":"closed","ping_status":"closed","template":"","meta":[],"_links":{"self":[{"href":"https:\/\/ttc1946weinheim.de\/index.php?rest_route=\/wp\/v2\/pages\/5610"}],"collection":[{"href":"https:\/\/ttc1946weinheim.de\/index.php?rest_route=\/wp\/v2\/pages"}],"about":[{"href":"https:\/\/ttc1946weinheim.de\/index.php?rest_route=\/wp\/v2\/types\/page"}],"author":[{"embeddable":true,"href":"https:\/\/ttc1946weinheim.de\/index.php?rest_route=\/wp\/v2\/users\/1"}],"replies":[{"embeddable":true,"href":"https:\/\/ttc1946weinheim.de\/index.php?rest_route=%2Fwp%2Fv2%2Fcomments&post=5610"}],"version-history":[{"count":8,"href":"https:\/\/ttc1946weinheim.de\/index.php?rest_route=\/wp\/v2\/pages\/5610\/revisions"}],"predecessor-version":[{"id":6353,"href":"https:\/\/ttc1946weinheim.de\/index.php?rest_route=\/wp\/v2\/pages\/5610\/revisions\/6353"}],"wp:attachment":[{"href":"https:\/\/ttc1946weinheim.de\/index.php?rest_route=%2Fwp%2Fv2%2Fmedia&parent=5610"}],"curies":[{"name":"wp","href":"https:\/\/api.w.org\/{rel}","templated":true}]}}