{"id":6715,"date":"2026-03-18T16:51:10","date_gmt":"2026-03-18T15:51:10","guid":{"rendered":"https:\/\/ttc1946weinheim.de\/?page_id=6715"},"modified":"2026-03-18T16:51:10","modified_gmt":"2026-03-18T15:51:10","slug":"neuvorstellungen-2026-27","status":"publish","type":"page","link":"https:\/\/ttc1946weinheim.de\/?page_id=6715","title":{"rendered":"Neuvorstellungen 2026\/27"},"content":{"rendered":"<h3><strong>Neuverpflichtungen des TTC 46 Weinheim f\u00fcr die kommende Saison<\/strong><\/h3>\n<p>Die Saison 2025\/26 hat es f\u00fcr den Deutschen Meister der Tischtennis Damen Bundesliga durch viele Verletzungen und damit verbundenen Ausf\u00e4llen sehr schwer gemacht, die Play Offs zu erreichen.<\/p>\n<p>Aus dieser Erkenntnis hat Manager Christian S\u00e4ger rechtzeitig f\u00fcr die Runde 2026\/27 seine F\u00fchler ausgestreckt und neue Spielerinnen f\u00fcr den TTC 46 verpflichtet, um mit einem deutlich gr\u00f6\u00dferen Kader zu agieren und breiter aufgestellt zu sein.<\/p>\n<p><strong>Als Neuzugang f\u00fcr die Position 1 der Mannschaft kommt Orawan Paranang.<\/strong><\/p>\n<p>Die Thail\u00e4nderin war in dieser Saison als Spitzenspielerin des TSV Langstadt im Einsatz.<br \/>\nDurch den R\u00fcckzug der S\u00fcdhessen konnte sie nach Nordbaden gelockt werden.<\/p>\n<p><img fetchpriority=\"high\" decoding=\"async\" class=\"aligncenter wp-image-6711\" src=\"https:\/\/ttc1946weinheim.de\/wp-content\/uploads\/2026\/03\/paranang.jpg\" alt=\"\" width=\"400\" height=\"459\" srcset=\"https:\/\/ttc1946weinheim.de\/wp-content\/uploads\/2026\/03\/paranang.jpg 832w, https:\/\/ttc1946weinheim.de\/wp-content\/uploads\/2026\/03\/paranang-262x300.jpg 262w, https:\/\/ttc1946weinheim.de\/wp-content\/uploads\/2026\/03\/paranang-768x881.jpg 768w\" sizes=\"(max-width: 400px) 100vw, 400px\" \/><\/p>\n<p>Orawan ist am 07.09.1997 geboren. In der Weltrangliste belegt sie zurzeit den 65. Rang, ihr QTTR-Wert ist 2390.<\/p>\n<p>Die Linksh\u00e4nderin weist aktuell eine Bilanz von 9:3 auf und hat sich in dieser Runde auch mit Spielerinnen des TTC 46 duelliert. Sie besiegte Mateja Jeger deutlich mit 3:0, gegen Seongjin Kim gelang ihr ein 3:2-Erfolg. Yuan Wan unterlag sie knapp mit 2:3, Tung-Chuan Chien war beim 0:3 ohne Chance.<\/p>\n<p>Ihr Ziel ist es, in einer guten Mannschaft mit um den Titel spielen zu k\u00f6nnen. Sie gibt als Spielerin immer 100 Prozent, und au\u00dferdem ist sie eine sehr gute Doppelspielerin.<\/p>\n<p>Als Nicht-Europ\u00e4erin wird sie sich mit Tung-Chuan Chien abwechseln, da immer nur eine zum Einsatz kommen darf.<\/p>\n<p>&nbsp;<\/p>\n<p><strong>Ein zweiter Neuzugang ist Qi Shi, <\/strong>die von der TTG Bingen\/M\u00fcnster-Sarmsheim zum TTC 46 wechselt.<\/p>\n<p>Sie ist am 06.11.1987 geboren und ist chinesischer Abstammung, inzwischen mit deutschem Pass.<\/p>\n<p>Sie hat einen QTTR-Wert von 2252 und ist in Bingen im hinteren Paarkreuz gemeldet gewesen. Dort spielte Sie mit 8:2 deutlich positiv. Sie agiert als Angriffsspielerin, rechtsh\u00e4ndig mit Shakehand-Haltung.<\/p>\n<p><img decoding=\"async\" class=\"aligncenter wp-image-6712\" src=\"https:\/\/ttc1946weinheim.de\/wp-content\/uploads\/2026\/03\/Qi.jpg\" alt=\"\" width=\"400\" height=\"437\" srcset=\"https:\/\/ttc1946weinheim.de\/wp-content\/uploads\/2026\/03\/Qi.jpg 1170w, https:\/\/ttc1946weinheim.de\/wp-content\/uploads\/2026\/03\/Qi-275x300.jpg 275w, https:\/\/ttc1946weinheim.de\/wp-content\/uploads\/2026\/03\/Qi-937x1024.jpg 937w, https:\/\/ttc1946weinheim.de\/wp-content\/uploads\/2026\/03\/Qi-768x839.jpg 768w\" sizes=\"(max-width: 400px) 100vw, 400px\" \/><\/p>\n<p>Ihre bisherigen Vereine sind TuS Bad Driburg, DJK TuS Essen-Holsterhausen, GSV Eintracht Baunatal, TUSEM Essen, nochmals nach einer Babypause TuS Bad Driburg, TTK Anr\u00f6chte, TTG Bingen\/M\u00fcnster-Sarmsheim.<\/p>\n<p>Gegen den TTC 46 konnte sie in der Vorrunde gegen Enisa Sadikovic gewinnen, in der R\u00fcckrunde unterlag sie gegen Tung-Chuan Chien.<\/p>\n<p>&nbsp;<\/p>\n<p><strong>Quasi ein Neuzugang ist Solomiya Brateyko<\/strong>,<br \/>\ndie schon f\u00fcr die vergangene Saison eingeplant war, aber wegen ihrer Schwangerschaft dann \u00fcberhaupt nicht zum Einsatz gekommen ist.<\/p>\n<p><img decoding=\"async\" class=\"aligncenter wp-image-6714\" src=\"https:\/\/ttc1946weinheim.de\/wp-content\/uploads\/2026\/03\/Solomiya.jpg\" alt=\"\" width=\"400\" height=\"577\" srcset=\"https:\/\/ttc1946weinheim.de\/wp-content\/uploads\/2026\/03\/Solomiya.jpg 900w, https:\/\/ttc1946weinheim.de\/wp-content\/uploads\/2026\/03\/Solomiya-208x300.jpg 208w, https:\/\/ttc1946weinheim.de\/wp-content\/uploads\/2026\/03\/Solomiya-709x1024.jpg 709w, https:\/\/ttc1946weinheim.de\/wp-content\/uploads\/2026\/03\/Solomiya-768x1108.jpg 768w\" sizes=\"(max-width: 400px) 100vw, 400px\" \/><\/p>\n<p>Jetzt wird die Ukrainerin um Ostern ihr Baby bekommen, und sie will danach wieder ins Training einsteigen. Im Herbst steht sie dann hoffentlich wieder f\u00fcr einige Matches zur Verf\u00fcgung.<\/p>\n<p>&nbsp;<\/p>\n<p><strong>Die Aufstellung des TTC 46 Weinheim f\u00fcr die Saison 2026\/27 ist damit<\/strong><\/p>\n<p>Orawan Paranang (A,2390) \/ Tung-Chuan Chien (A, 2338),<br \/>\nYuan Wan (D, 2301),<br \/>\nVeronika Matiunina (eA, 2301),<br \/>\nShi Qi (D, 2252),<br \/>\nSolomiya Brateyko (eA, 2221),<br \/>\nElisa Nguyen (D,2106)<\/p>\n<p>(D=Deutsche, eA= europ\u00e4ische Ausl\u00e4nderin, A=nichteurop\u00e4ische Ausl\u00e4nderin)<\/p>\n<p>&nbsp;<\/p>\n","protected":false},"excerpt":{"rendered":"<p>Neuverpflichtungen des TTC 46 Weinheim f\u00fcr die kommende Saison Die Saison 2025\/26 hat es f\u00fcr den Deutschen Meister der Tischtennis Damen Bundesliga durch viele Verletzungen und damit verbundenen Ausf\u00e4llen sehr schwer gemacht, die Play Offs zu erreichen. Aus dieser Erkenntnis <a class=\"more-link\" href=\"https:\/\/ttc1946weinheim.de\/?page_id=6715\">weiterlesen&#8230;<\/a><\/p>\n","protected":false},"author":1,"featured_media":0,"parent":0,"menu_order":0,"comment_status":"closed","ping_status":"closed","template":"","meta":[],"_links":{"self":[{"href":"https:\/\/ttc1946weinheim.de\/index.php?rest_route=\/wp\/v2\/pages\/6715"}],"collection":[{"href":"https:\/\/ttc1946weinheim.de\/index.php?rest_route=\/wp\/v2\/pages"}],"about":[{"href":"https:\/\/ttc1946weinheim.de\/index.php?rest_route=\/wp\/v2\/types\/page"}],"author":[{"embeddable":true,"href":"https:\/\/ttc1946weinheim.de\/index.php?rest_route=\/wp\/v2\/users\/1"}],"replies":[{"embeddable":true,"href":"https:\/\/ttc1946weinheim.de\/index.php?rest_route=%2Fwp%2Fv2%2Fcomments&post=6715"}],"version-history":[{"count":1,"href":"https:\/\/ttc1946weinheim.de\/index.php?rest_route=\/wp\/v2\/pages\/6715\/revisions"}],"predecessor-version":[{"id":6716,"href":"https:\/\/ttc1946weinheim.de\/index.php?rest_route=\/wp\/v2\/pages\/6715\/revisions\/6716"}],"wp:attachment":[{"href":"https:\/\/ttc1946weinheim.de\/index.php?rest_route=%2Fwp%2Fv2%2Fmedia&parent=6715"}],"curies":[{"name":"wp","href":"https:\/\/api.w.org\/{rel}","templated":true}]}}